{"id":233,"date":"2024-04-12T14:42:04","date_gmt":"2024-04-12T07:42:04","guid":{"rendered":"https:\/\/vtpexpress.com\/?page_id=233"},"modified":"2024-04-15T11:25:26","modified_gmt":"2024-04-15T04:25:26","slug":"gui-hang-di-nhat","status":"publish","type":"page","link":"https:\/\/vtpexpress.com\/en\/dich-vu\/gui-hang-di-nhat\/","title":{"rendered":"G\u1eedi H\u00e0ng \u0110i Nh\u1eadt"},"content":{"rendered":"<h1 class=\"wp-block-heading\">B\u1ea3ng Gi\u00e1 G\u1eedi H\u00e0ng \u0110i Nh\u1eadt Gi\u00e1 R\u1ebb Ch\u1ec9 T\u1eeb 120K\/1kg<\/h1>\n\n\n\n<p>VTP Express chuy\u00ean cung c\u1ea5p d\u1ecbch v\u1ee5\u00a0<strong>g\u1eedi h\u00e0ng \u0111i Nh\u1eadt<\/strong>\u00a0gi\u00e1 r\u1ebb, uy t\u00edn v\u00e0 ch\u1ea5t l\u01b0\u1ee3ng. N\u1ebfu b\u1ea1n \u0111ang t\u00ecm ki\u1ebfm d\u1ecbch v\u1ee5 g\u1eedi h\u00e0ng t\u1eeb Vi\u1ec7t Nam sang Nh\u1eadt B\u1ea3n th\u00ec \u0111\u1eebng b\u1ecf qua b\u00e0i vi\u1ebft ng\u00e0y h\u00f4m nay nh\u00e9.<\/p>\n\n\n\n<p>B\u1ea3ng gi\u00e1 c\u01b0\u1edbc ph\u1ee5 thu\u1ed9c v\u00e0o nhi\u1ec1u y\u1ebfu t\u1ed1 kh\u00e1c nhau nh\u01b0: lo\u1ea1i h\u00e0ng m\u00e0 b\u1ea1n th\u1ef1c hi\u1ec7n v\u1eadn chuy\u1ec3n, c\u00e1ch th\u1ee9c v\u1eadn chuy\u1ec3n m\u00e0 b\u1ea1n l\u1ef1a ch\u1ecdn, gi\u00e1 c\u00e1c lo\u1ea1i ph\u1ee5 ph\u00ed li\u00ean quan,\u2026 Do \u0111\u00f3 b\u1ea3ng gi\u00e1 g\u1eedi h\u00e0ng \u0111i Nh\u1eadt 2024 d\u01b0\u1edbi \u0111\u00e2y c\u1ee7a ch\u00fang t\u00f4i ch\u1ec9 mang t\u00ednh tham kh\u1ea3o:<\/p>\n\n\n\n<figure class=\"wp-block-table\"><table><tbody><tr><td>Tr\u1ecdng l\u01b0\u1ee3ng (kg)<\/td><td>Gi\u00e1 c\u01b0\u1edbc (VN\u0110)<\/td><td>Tr\u1ecdng l\u01b0\u1ee3ng (kg)<\/td><td>Gi\u00e1 c\u01b0\u1edbc (VN\u0110)<\/td><\/tr><tr><td>1kg<\/td><td>600.000<\/td><td>6.5kg<\/td><td>1.430.000<\/td><\/tr><tr><td>1.5kg<\/td><td>900.000<\/td><td>7kg<\/td><td>1.540.000<\/td><\/tr><tr><td>2kg<\/td><td>800.000<\/td><td>7.5kg<\/td><td>1.650.000<\/td><\/tr><tr><td>3kg<\/td><td>1.200.000<\/td><td>8kg<\/td><td>1.760.000<\/td><\/tr><tr><td>3.5kg<\/td><td>1.500.000<\/td><td>8.5kg<\/td><td>1.870.000<\/td><\/tr><tr><td>4kg<\/td><td>1.600.000<\/td><td>9kg<\/td><td>1.980.000<\/td><\/tr><tr><td>4.5kg<\/td><td>1.650.000<\/td><td>9.5kg<\/td><td>2.090.000<\/td><\/tr><tr><td>5kg<\/td><td>1.100.000<\/td><td>10kg \u2013 15kg<\/td><td><strong>180.000<\/strong>&nbsp;\u2013 1kg<\/td><\/tr><tr><td>5.5kg<\/td><td>1.300.000<\/td><td>16kg \u2013 20kg<\/td><td><strong>160.000<\/strong>&nbsp;\u2013 1kg<\/td><\/tr><tr><td>6kg<\/td><td>1.320.000<\/td><td>Tr\u00ean 20kg<\/td><td><strong>140.000<\/strong>&nbsp;\u2013 1kg<\/td><\/tr><\/tbody><\/table><\/figure>\n\n\n\n<p>B\u1ea1n l\u01b0u \u00fd m\u1ed9t s\u1ed1 \u0111i\u1ec1u khi \u0111\u1ecdc c\u01b0\u1edbc ph\u00ed g\u1eedi \u0111\u1ed3 sang Nh\u1eadt:<\/p>\n\n\n\n<ul class=\"wp-block-list\">\n<li>&nbsp;C\u01b0\u1edbc ph\u00ed g\u1eedi h\u00e0ng thay \u0111\u1ed5i t\u00f9y theo c\u00e1c y\u1ebfu t\u1ed1 n\u00eau tr\u00ean<\/li>\n\n\n\n<li>&nbsp;B\u1ea3ng gi\u00e1 tr\u00ean kh\u00f4ng gi\u1ed1ng so v\u1edbi g\u1eedi h\u00e0ng \u0111i Nh\u1eadt b\u1eb1ng b\u01b0u \u0111i\u1ec7n.<\/li>\n\n\n\n<li>&nbsp;B\u1ea3ng gi\u00e1 tr\u00ean ch\u01b0a bao g\u1ed3m thu\u1ebf VAT v\u00e0 c\u00e1c lo\u1ea1i thu\u1ebf li\u00ean quan \u0111\u1ebfn xu\u1ea5t nh\u1eadp kh\u1ea9u kh\u00e1c.<\/li>\n\n\n\n<li>&nbsp;C\u01b0\u1edbc g\u1eedi h\u00e0ng c\u00f3 th\u1ec3 thay \u0111\u1ed5i theo x\u0103ng d\u1ea7u v\u00e0 m\u1ed9t s\u1ed1 ph\u1ee5 ph\u00ed kh\u00e1c li\u00ean quan \u0111\u1ebfn vi\u1ec7c v\u1eadn chuy\u1ec3n \u0111\u01b0\u1ee3c th\u1ef1c hi\u1ec7n t\u1ea1i th\u1eddi \u0111i\u1ec3m giao d\u1ecbch<\/li>\n<\/ul>\n\n\n\n<p>\u0110\u1ec3 c\u00f3 \u0111\u01b0\u1ee3c b\u1ea3ng gi\u00e1 ch\u00ednh x\u00e1c nh\u1ea5t cho l\u00f4 h\u00e0ng c\u1ee7a m\u00ecnh, b\u1ea1n h\u00e3y li\u00ean h\u1ec7 v\u1edbi 3A Express \u0111\u1ec3 \u0111\u01b0\u1ee3c h\u1ed7 tr\u1ee3 b\u00e1o gi\u00e1 s\u1edbm nh\u1ea5t v\u00e0 ch\u00ednh x\u00e1c nh\u1ea5t nh\u00e9.<\/p>\n\n\n\n<h2 class=\"wp-block-heading\">NH\u1eeeNG M\u1eb6T H\u00c0NG VTP EXPRESS NH\u1eacN G\u1eecI SANG NH\u1eacT<\/h2>\n\n\n\n<p>VTP Express nh\u1eadn\u00a0<em><strong>g\u1eedi h\u00e0ng \u0111i Nh\u1eadt<\/strong><\/em>\u00a0\u0111a d\u1ea1ng c\u00e1c lo\u1ea1i h\u00e0ng h\u00f3a. Sau \u0111\u00e2y l\u00e0 m\u1ed9t s\u1ed1 lo\u1ea1i m\u1eb7t h\u00e0ng ph\u1ed5 bi\u1ebfn VTP Express nh\u1eadn g\u1eedi sang Nh\u1eadt:<\/p>\n\n\n\n<ul class=\"wp-block-list\">\n<li>&nbsp;H\u1ed3 s\u01a1, t\u00e0i li\u1ec7u, th\u01b0 t\u1eeb, c\u00e1c lo\u1ea1i gi\u1ea5y t\u1edd kh\u00e1c.<\/li>\n\n\n\n<li>\u00a0M\u1ef9 ph\u1ea9m, n\u01b0\u1edbc hoa, kem d\u01b0\u1ee1ng da, kem ch\u1ed1ng n\u1eafng,\u2026 S\u1eefa t\u1eafm, s\u1eeda r\u1eeda m\u1eb7t, d\u1ea7u g\u1ed9i \u0111\u1ea7u.<\/li>\n\n\n\n<li>\u00a0C\u00e1c lo\u1ea1i hoa qu\u1ea3, h\u1ea1t, rau c\u1ee7.\u00a0Th\u1ef1c ph\u1ea9m\u00a0kh\u00f4, m\u00ec g\u00f3i, b\u00fan, mi\u1ebfn.<\/li>\n\n\n\n<li>\u00a0Thu\u1ed1c nam,\u00a0thu\u1ed1c t\u00e2y, thu\u1ed1c b\u1eafc.<\/li>\n\n\n\n<li>&nbsp;Qu\u1ea7n \u00e1o, gi\u00e0y d\u00e9p, ph\u1ee5 ki\u1ec7n th\u1eddi trang, t\u00fai x\u00e1ch, balo.<\/li>\n\n\n\n<li>&nbsp;C\u00e1c lo\u1ea1i \u0111\u1ed3 g\u1ed7, m\u00e1y m\u00f3c, linh ki\u1ec7n.<\/li>\n\n\n\n<li>&nbsp;C\u00e1c s\u1ea3n ph\u1ea9m \u0111\u1ed3 gia d\u1ee5ng.<\/li>\n\n\n\n<li>&nbsp;V\u1eadn chuy\u1ec3n h\u00e0ng c\u1ed3ng k\u1ec1nh \u0111i Nh\u1eadt<\/li>\n<\/ul>\n\n\n\n<h2 class=\"wp-block-heading\">M\u1ed9t s\u1ed1 m\u1eb7t h\u00e0ng sau \u0111\u00e2y<strong>\u00a0KH\u00d4NG \u0111\u01b0\u1ee3c ph\u00e9p<\/strong>\u00a0g\u1eedi sang Nh\u1eadt B\u1ea3n:<\/h2>\n\n\n\n<ul class=\"wp-block-list\">\n<li>&nbsp;C\u00e1c s\u1ea3n ph\u1ea9m c\u00f3 ch\u1ee9a ch\u1ea5t k\u00edch th\u00edch.<\/li>\n\n\n\n<li>&nbsp;C\u00e1c s\u1ea3n ph\u1ea9m thu\u1ed9c danh m\u1ee5c c\u1ea5m theo lu\u1eadt c\u1ee7a Vi\u1ec7t Nam v\u00e0 Nh\u1eadt B\u1ea3n<\/li>\n\n\n\n<li>&nbsp;C\u00e1c lo\u1ea1i h\u00e0ng kh\u00f4ng ch\u1ee9ng minh \u0111\u01b0\u1ee3c ngu\u1ed3n g\u1ed1c xu\u1ea5t x\u1ee9<\/li>\n\n\n\n<li>&nbsp;S\u00fang \u1ed1ng, \u0111\u1ea1n d\u01b0\u1ee3c. C\u00e1c m\u1eb7t h\u00e0ng c\u00f3 t\u00ednh s\u00e1t th\u01b0\u01a1ng<\/li>\n<\/ul>\n\n\n\n<p>\u0110\u1ec3 bi\u1ebft \u0111\u01b0\u1ee3c s\u1ea3n ph\u1ea9m m\u00e0 m\u00ecnh g\u1eedi \u0111i c\u00f3 thu\u1ed9c\u00a0<strong>danh m\u1ee5c c\u1ea5m<\/strong>\u00a0<strong>xu\u1ea5t kh\u1ea9u<\/strong>\u00a0v\u00e0\u00a0<strong>nh\u1eadp kh\u1ea9u<\/strong>\u00a0hay kh\u00f4ng, b\u1ea1n h\u00e3y li\u00ean h\u1ec7 v\u1edbi VTP Express \u0111\u1ec3 bi\u1ebft th\u00eam chi ti\u1ebft nh\u00e9.<\/p>\n\n\n\n<h2 class=\"wp-block-heading\">C\u00e1c G\u00f3i V\u1eadn Chuy\u1ec3n H\u00e0ng \u0110i Nh\u1eadt<\/h2>\n\n\n\n<p>VTP Express l\u00e0 \u0111\u01a1n v\u1ecb\u00a0v\u1eadn chuy\u1ec3n qu\u1ed1c t\u1ebf, \u0111\u01b0\u1ee3c nhi\u1ec1u kh\u00e1ch h\u00e0ng tin t\u01b0\u1edfng v\u00e0 \u0111\u00e1nh gi\u00e1 cao. \u0110\u1eb7c bi\u1ec7t l\u00e0 d\u1ecbch v\u1ee5\u00a0<em><strong>g\u1eedi h\u00e0ng \u0111i Nh\u1eadt uy t\u00edn<\/strong><\/em>\u00a0t\u1ea1i VTP Express \u0111\u01b0\u1ee3c nhi\u1ec1u kh\u00e1ch h\u00e0ng l\u00e0 c\u00e1 nh\u00e2n v\u00e0 doanh nghi\u1ec7p s\u1eed d\u1ee5ng th\u01b0\u1eddng xuy\u00ean.<\/p>\n\n\n\n<p>VTP Express \u0111em \u0111\u1ebfn cho kh\u00e1ch h\u00e0ng \u0111a d\u1ea1ng ph\u01b0\u01a1ng th\u1ee9c v\u1eadn chuy\u1ec3n. B\u1ea1n c\u00f3 th\u1ec3 l\u1ef1a ch\u1ecdn m\u1ed9t trong 3 h\u00ecnh th\u1ee9c chuy\u1ec3n ph\u00e1t nh\u01b0 sau:<\/p>\n\n\n\n<ul class=\"wp-block-list\">\n<li>&nbsp;<strong>H\u00ecnh th\u1ee9c chuy\u1ec3n ph\u00e1t nhanh \u0111\u01b0\u1eddng h\u00e0ng kh\u00f4ng:<\/strong>&nbsp;Chuy\u1ec3n ph\u00e1t h\u1ecfa t\u1ed1c sang Nh\u1eadt ch\u1ec9 t\u1eeb 3-5 ng\u00e0y l\u00e0m vi\u1ec7c. H\u00ecnh th\u1ee9c n\u00e0y ph\u00f9 h\u1ee3p v\u1edbi nh\u1eefng \u0111\u01a1n h\u00e0ng g\u1ea5p, nh\u1eefng m\u1eb7t h\u00e0ng c\u00f3 h\u1ea1n s\u1eed d\u1ee5ng ng\u1eafn,\u2026<\/li>\n\n\n\n<li>&nbsp;<strong>H\u00ecnh th\u1ee9c chuy\u1ec3n ph\u00e1t th\u00f4ng th\u01b0\u1eddng:<\/strong>&nbsp;Chuy\u1ec3n ph\u00e1t th\u00f4ng th\u01b0\u1eddng sang Nh\u1eadt m\u1ea5t th\u1eddi gian t\u1eeb 5-10 ng\u00e0y l\u00e0m vi\u1ec7c.<\/li>\n\n\n\n<li>&nbsp;<strong>H\u00ecnh th\u1ee9c chuy\u1ec3n ph\u00e1t ti\u1ebft ki\u1ec7m:<\/strong>&nbsp;Chuy\u1ec3n ph\u00e1t nhanh ti\u1ebft ki\u1ec7m sang Nh\u1eadt m\u1ea5t th\u1eddi gian t\u1eeb 7-14 ng\u00e0y l\u00e0m vi\u1ec7c.&nbsp;<\/li>\n<\/ul>\n\n\n\n<p>VTP Express cam k\u1ebft d\u1ecbch v\u1ee5\u00a0<strong>uy t\u00edn<\/strong>, c\u1ea1nh tranh nh\u1ea5t tr\u00ean th\u1ecb tr\u01b0\u1eddng. VTP Express mang \u0111\u1ebfn cho kh\u00e1ch h\u00e0ng d\u1ecbch v\u1ee5\u00a0<strong>v\u1eadn chuy\u1ec3n h\u00e0ng \u0111i Nh\u1eadt<\/strong>\u00a0v\u1edbi m\u1ee9c gi\u00e1 \u01b0u \u0111\u00e3i nh\u1ea5t.<\/p>","protected":false},"excerpt":{"rendered":"<p>B\u1ea3ng Gi\u00e1 G\u1eedi H\u00e0ng \u0110i Nh\u1eadt Gi\u00e1 R\u1ebb Ch\u1ec9 T\u1eeb 120K\/1kg VTP Express chuy\u00ean cung c\u1ea5p d\u1ecbch v\u1ee5\u00a0g\u1eedi h\u00e0ng \u0111i Nh\u1eadt\u00a0gi\u00e1 r\u1ebb, uy t\u00edn v\u00e0 ch\u1ea5t l\u01b0\u1ee3ng. N\u1ebfu b\u1ea1n \u0111ang t\u00ecm ki\u1ebfm d\u1ecbch v\u1ee5 g\u1eedi h\u00e0ng t\u1eeb Vi\u1ec7t Nam sang Nh\u1eadt B\u1ea3n th\u00ec \u0111\u1eebng b\u1ecf qua b\u00e0i vi\u1ebft ng\u00e0y h\u00f4m nay nh\u00e9. B\u1ea3ng gi\u00e1 c\u01b0\u1edbc [&hellip;]<\/p>","protected":false},"author":1,"featured_media":234,"parent":133,"menu_order":0,"comment_status":"closed","ping_status":"closed","template":"template-parts\/service-detail.php","meta":{"_acf_changed":false,"footnotes":""},"class_list":["post-233","page","type-page","status-publish","has-post-thumbnail","hentry"],"acf":[],"_links":{"self":[{"href":"https:\/\/vtpexpress.com\/en\/wp-json\/wp\/v2\/pages\/233","targetHints":{"allow":["GET"]}}],"collection":[{"href":"https:\/\/vtpexpress.com\/en\/wp-json\/wp\/v2\/pages"}],"about":[{"href":"https:\/\/vtpexpress.com\/en\/wp-json\/wp\/v2\/types\/page"}],"author":[{"embeddable":true,"href":"https:\/\/vtpexpress.com\/en\/wp-json\/wp\/v2\/users\/1"}],"replies":[{"embeddable":true,"href":"https:\/\/vtpexpress.com\/en\/wp-json\/wp\/v2\/comments?post=233"}],"version-history":[{"count":5,"href":"https:\/\/vtpexpress.com\/en\/wp-json\/wp\/v2\/pages\/233\/revisions"}],"predecessor-version":[{"id":286,"href":"https:\/\/vtpexpress.com\/en\/wp-json\/wp\/v2\/pages\/233\/revisions\/286"}],"up":[{"embeddable":true,"href":"https:\/\/vtpexpress.com\/en\/wp-json\/wp\/v2\/pages\/133"}],"wp:featuredmedia":[{"embeddable":true,"href":"https:\/\/vtpexpress.com\/en\/wp-json\/wp\/v2\/media\/234"}],"wp:attachment":[{"href":"https:\/\/vtpexpress.com\/en\/wp-json\/wp\/v2\/media?parent=233"}],"curies":[{"name":"wp","href":"https:\/\/api.w.org\/{rel}","templated":true}]}}