{"id":238,"date":"2024-04-12T14:45:45","date_gmt":"2024-04-12T07:45:45","guid":{"rendered":"https:\/\/vtpexpress.com\/?page_id=238"},"modified":"2024-04-15T11:19:02","modified_gmt":"2024-04-15T04:19:02","slug":"gui-hang-di-han-quoc","status":"publish","type":"page","link":"https:\/\/vtpexpress.com\/en\/dich-vu\/gui-hang-di-han-quoc\/","title":{"rendered":"G\u1eedi H\u00e0ng \u0110i H\u00e0n Qu\u1ed1c"},"content":{"rendered":"<h2 class=\"wp-block-heading\">D\u1ecbch V\u1ee5 G\u1eedi H\u00e0ng \u0110i H\u00e0n Qu\u1ed1c Gi\u00e1 R\u1ebb Ch\u1ec9 T\u1eeb 95K\/KG<\/h2>\n\n\n\n<p>VTP Express cung c\u1ea5p d\u1ecbch v\u1ee5\u00a0<strong>g\u1eedi h\u00e0ng \u0111i H\u00e0n Qu\u1ed1c<\/strong>\u00a0gi\u00e1 t\u1ed1t, nhanh ch\u00f3ng v\u00e0 v\u00f4 c\u00f9ng thu\u1eadn ti\u1ec7n. N\u1ebfu b\u1ea1n \u0111ang c\u00f3 nhu c\u1ea7u g\u1eedi h\u00e0ng t\u1eeb Vi\u1ec7t Nam sang H\u00e0n Qu\u1ed1c th\u00ec \u0111\u1eebng b\u1ecf qua d\u1ecbch v\u1ee5 tuy\u1ec7t v\u1eddi c\u1ee7a VTP Express nh\u00e9.<\/p>\n\n\n\n<figure class=\"wp-block-table\"><table><tbody><tr><td>\u2705 S\u1ed1 k\u00fd (kg)<\/td><td>\u2b55 Gi\u00e1 c\u01b0\u1edbc (VND)<\/td><\/tr><tr><td>\u2705 1kg \u2013 3kg<\/td><td>\u2b55 400.000<\/td><\/tr><tr><td>\u2705 4kg \u2013 10kg<\/td><td>\u2b55 130.000\/kg<\/td><\/tr><tr><td>\u2705 11kg \u2013 20kg<\/td><td>\u2b55 115.000\/kg<\/td><\/tr><tr><td>\u2705 21kg \u2013 50kg<\/td><td>\u2b55 110.000\/kg<\/td><\/tr><tr><td>\u2705 51kg \u2013 99kg<\/td><td>\u2b55 105.000\/kg<\/td><\/tr><tr><td>\u2705 100kg ++<\/td><td>\u2b55 100.000\/kg<\/td><\/tr><tr><td>\u2705 300kg ++<\/td><td>\u2b55 95.000\/kg<\/td><\/tr><\/tbody><\/table><\/figure>\n\n\n\n<p>B\u1ea3ng gi\u00e1 ph\u00ed g\u1eedi h\u00e0ng t\u1eeb Vi\u1ec7t Nam sang H\u00e0n Qu\u1ed1c \u1edf m\u1ed7i th\u1eddi \u0111i\u1ec3m l\u00e0 kh\u00e1c nnhau. S\u1edf d\u0129 c\u00f3 s\u1ef1 kh\u00e1c bi\u1ec7t nh\u01b0 v\u1eady l\u00e0 do gi\u00e1 c\u1ea3 c\u00f2n ph\u1ee5 thu\u1ed9c v\u00e0o nhi\u1ec1u y\u1ebfu t\u1ed1 kh\u00e1c nhau nh\u01b0:<\/p>\n\n\n\n<p>&nbsp;<strong>Lo\u1ea1i h\u00e0ng h\u00f3a:<\/strong>&nbsp;H\u00e0ng kh\u00f3 g\u1eedi ho\u1eb7c h\u00e0ng c\u1ed3ng k\u1ec1nh th\u01b0\u1eddng s\u1ebd c\u00f3 m\u1ee9c gi\u00e1 v\u1eadn chuy\u1ec3n cao h\u01a1n so v\u1edbi danh m\u1ee5c h\u00e0ng h\u00f3a th\u00f4ng th\u01b0\u1eddng.<\/p>\n\n\n\n<p>&nbsp;<strong>Kh\u1ed1i l\u01b0\u1ee3ng h\u00e0ng h\u00f3a:<\/strong>&nbsp;Th\u00f4ng th\u01b0\u1eddng th\u00ec g\u1eedi h\u00e0ng v\u1edbi s\u1ed1 l\u01b0\u1ee3ng c\u00e0ng l\u1edbn th\u00ec gi\u00e1 c\u01b0\u1edbc t\u00ednh tr\u00ean m\u1ed7i kg s\u1ebd c\u00e0ng r\u1ebb.<\/p>\n\n\n\n<p>&nbsp;<strong>\u0110\u1ecba ch\u1ec9 nh\u1eadn:<\/strong>&nbsp;\u0110\u1ed1i v\u1edbi c\u00e1c t\u1ec9nh c\u00e0ng xa v\u1edbi kho h\u00e0ng c\u1ee7a \u0111\u01a1n v\u1ecb v\u1eadn chuy\u1ec3n th\u00ec m\u1ee9c ph\u00ed \u0111\u01b0\u1ee3c t\u00ednh s\u1ebd c\u00e0ng cao.<\/p>\n\n\n\n<p>&nbsp;<strong>Ph\u01b0\u01a1ng th\u1ee9c v\u1eadn chuy\u1ec3n:<\/strong>&nbsp;Ph\u1ee5 thu\u1ed9c v\u00e0o ph\u01b0\u01a1ng th\u1ee9c chuy\u1ec3n h\u00e0ng b\u1eb1ng \u0111\u01b0\u1eddng bi\u1ec3n ho\u1eb7c \u0111\u01b0\u1eddng bay.<\/p>\n\n\n\n<p>Ngo\u00e0i ra s\u1ef1 ch\u00eanh l\u1ec7ch c\u00f2n \u0111\u1ebfn t\u1eeb ph\u1ee5 ph\u00ed, t\u1ec9 gi\u00e1 v\u00e0 m\u1ee9c thu\u1ebf \u00e1p d\u1ee5ng t\u1ea1i th\u1eddi \u0111i\u1ec3m v\u1eadn chuy\u1ec3n.<\/p>\n\n\n\n<p>T\u1eeb \u0111\u00f3 c\u00f3 th\u1ec3 th\u1ea5y s\u1ef1 ch\u00eanh l\u1ec7ch v\u1ec1 gi\u00e1 c\u01b0\u1edbc chuy\u1ec3n h\u00e0ng t\u1eeb Vi\u1ec7t Nam sang H\u00e0n Qu\u1ed1c c\u1ee7a c\u00e1c \u0111\u01a1n v\u1ecb l\u00e0 \u0111i\u1ec1u d\u1ec5 hi\u1ec3u. Tuy nhi\u00ean b\u1ea1n c\u0169ng kh\u00f4ng n\u00ean ham r\u1ebb m\u00e0 s\u1eed d\u1ee5ng c\u00e1c b\u00ean cung c\u1ea5p d\u1ecbch v\u1ee5 k\u00e9m ch\u1ea5t l\u01b0\u1ee3ng. B\u1edfi nguy c\u01a1 h\u01b0 h\u1ecfng h\u00e0ng h\u00f3a, th\u1ea5t l\u1ea1c h\u00e0ng h\u00f3a l\u00e0 r\u1ea5t l\u1edbn.<\/p>\n\n\n\n<p>Ngo\u00e0i ra v\u1edbi c\u00e1c \u0111\u01a1n v\u1ecb uy t\u00edn, khi h\u00e0ng h\u00f3a c\u00f3 s\u1ef1 m\u1ea5t m\u00e1t, quy tr\u00ecnh gi\u1ea3i quy\u1ebft v\u00e0 b\u1ed3i th\u01b0\u1eddng c\u0169ng s\u1ebd \u0111\u01b0\u1ee3c th\u1ef1c hi\u1ec7n nhanh ch\u00f3ng v\u00e0 th\u1ecfa \u0111\u00e1ng h\u01a1n g\u1ea5p nhi\u1ec1u l\u1ea7n.<\/p>\n\n\n\n<h2 class=\"wp-block-heading\">C\u00e1ch t\u00ednh gi\u00e1 c\u01b0\u1edbc ph\u00ed chi ph\u00ed g\u1eedi h\u00e0ng \u0111i H\u00e0n Qu\u1ed1c<\/h2>\n\n\n\n<p>Hi\u1ec7n t\u1ea1i, VTP Express \u0111\u00e3 tri\u1ec3n khai b\u1ea3ng gi\u00e1 g\u1eedi h\u00e0ng \u0111i H\u00e0n Qu\u1ed1c v\u1edbi nhi\u1ec1u m\u1ee9c gi\u00e1 kh\u00e1c nhau. Tuy gi\u00e1 c\u01b0\u1edbc c\u00f3 th\u1ec3 thay \u0111\u1ed5i t\u00f9y theo lo\u1ea1i h\u00e0ng h\u00f3a v\u00e0 th\u1eddi gian giao h\u00e0ng m\u00e0 b\u1ea1n mong mu\u1ed1n, nh\u01b0ng b\u1ea1n c\u00f3 th\u1ec3 li\u00ean h\u1ec7 v\u1edbi ch\u00fang t\u00f4i \u0111\u1ec3 bi\u1ebft chi ti\u1ebft v\u1ec1 gi\u00e1 c\u01b0\u1edbc cho lo\u1ea1i h\u00e0ng h\u00f3a c\u1ee5 th\u1ec3 c\u1ee7a b\u1ea1n v\u00e0 th\u1eddi gian giao h\u00e0ng mong mu\u1ed1n.<\/p>\n\n\n\n<figure class=\"wp-block-image\"><img decoding=\"async\" src=\"https:\/\/3a.net.vn\/wp-content\/webp-express\/webp-images\/uploads\/2023\/09\/hang-hoa-cach-tinh-cuoc-phi.png.webp\" alt=\"c\u00e1ch t\u00ednh c\u01b0\u1edbc ph\u00ed\"\/><\/figure>\n\n\n\n<p>Hi\u1ec7n nay, c\u00e1c h\u00e3ng v\u1eadn chuy\u1ec3n th\u01b0\u1eddng s\u1eed d\u1ee5ng hai ph\u01b0\u01a1ng ph\u00e1p t\u00ednh kh\u1ed1i l\u01b0\u1ee3ng h\u00e0ng g\u1eedi:<\/p>\n\n\n\n<p><strong>T\u00ednh th\u1ec3 t\u00edch c\u1ee7a h\u00e0ng:<\/strong>&nbsp;\u0110\u00e2y l\u00e0 c\u00e1ch \u0111o kh\u1ed1i l\u01b0\u1ee3ng d\u1ef1a tr\u00ean k\u00edch th\u01b0\u1edbc th\u1ec3 t\u00edch c\u1ee7a h\u00e0ng h\u00f3a. \u0110\u1ed1i v\u1edbi c\u00e1c m\u1eb7t h\u00e0ng nh\u01b0 qu\u1ea7n \u00e1o, m\u1ef9 ph\u1ea9m, s\u00e1ch v\u1edf. Gi\u00e1 c\u01b0\u1edbc s\u1ebd \u0111\u01b0\u1ee3c t\u00ednh d\u1ef1a tr\u00ean c\u00e2n n\u1eb7ng th\u1ef1c t\u1ebf c\u1ee7a h\u00e0ng.<\/p>\n\n\n\n<p><strong>T\u00ednh c\u00e2n n\u1eb7ng th\u1ef1c t\u1ebf:<\/strong>&nbsp;\u0110\u1ed1i v\u1edbi c\u00e1c h\u00e0ng h\u00f3a c\u1ed3ng k\u1ec1nh, d\u1ea1ng h\u1ed9p, gi\u00e1 c\u01b0\u1edbc s\u1ebd \u0111\u01b0\u1ee3c t\u00ednh d\u1ef1a tr\u00ean c\u00f4ng th\u1ee9c:<\/p>\n\n\n\n<blockquote class=\"wp-block-quote is-layout-flow wp-block-quote-is-layout-flow\">\n<p>(D\u00e0i x R\u1ed9ng x Cao) \/ 5000 (cm) \u0111\u1ec3 ra kh\u1ed1i l\u01b0\u1ee3ng t\u00ednh to\u00e1n.<\/p>\n<\/blockquote>\n\n\n\n<h2 class=\"wp-block-heading\">C\u00e1c m\u1eb7t h\u00e0ng th\u01b0\u1eddng xuy\u00ean \u0111\u01b0\u1ee3c g\u1eedi sang H\u00e0n Qu\u1ed1c<\/h2>\n\n\n\n<p>Trong nhi\u1ec1u n\u0103m nh\u1eadn g\u1eedi h\u00e0ng \u0111i H\u00e0n Qu\u1ed1c, VTP Express nh\u1eadn th\u1ea5y sau \u0111\u00e2y l\u00e0 nh\u1eefng lo\u1ea1i h\u00e0ng th\u01b0\u1eddng xuy\u00ean \u0111\u01b0\u1ee3c g\u1eedi:<\/p>\n\n\n\n<ul class=\"wp-block-list\">\n<li>&nbsp;Th\u1ef1c ph\u1ea9m, \u0111\u1ed3 kh\u00f4, hoa qu\u1ea3 s\u1ea5y kh\u00f4, h\u1ea3i s\u1ea3n s\u1ea5y kh\u00f4<\/li>\n\n\n\n<li>\u00a0Qu\u1ea7n \u00e1o, gi\u00e0y d\u00e9p, \u0111\u1ed3 d\u00f9ng c\u00e1 nh\u00e2n<\/li>\n\n\n\n<li>&nbsp;B\u01b0u ph\u1ea9m, gi\u1ea5y t\u1edd<\/li>\n\n\n\n<li>&nbsp;C\u00e1c s\u1ea3n ph\u1ea9m linh ki\u1ec7n<\/li>\n\n\n\n<li>&nbsp;\u0110\u1ed3 \u0111i\u1ec7n gia d\u1ee5ng, \u0111i\u1ec7n tho\u1ea1i,\u2026<\/li>\n\n\n\n<li>&nbsp;H\u00e0ng th\u1ee7 c\u00f4ng m\u1ef9 ngh\u1ec7<\/li>\n<\/ul>\n\n\n\n<h2 class=\"wp-block-heading\">C\u00e1c m\u1eb7t h\u00e0ng kh\u00f4ng \u0111\u01b0\u1ee3c ph\u00e9p g\u1eedi \u0111i<\/h2>\n\n\n\n<p>Sau \u0111\u00e2y l\u00e0 m\u1ed9t s\u1ed1 m\u1eb7t h\u00e0ng b\u1ecb c\u1ea5m g\u1eedi sang H\u00e0n Qu\u1ed1c m\u00e0 b\u1ea1n c\u1ea7n l\u01b0u \u00fd:<\/p>\n\n\n\n<ul class=\"wp-block-list\">\n<li>&nbsp;C\u00e1c lo\u1ea1i h\u00e0ng l\u00e0 \u0111\u1ed3 c\u1ed5<\/li>\n\n\n\n<li>&nbsp;C\u00e1c lo\u1ea1i h\u00e0ng l\u00e0 ch\u1ea5t k\u00edch th\u00edch, ch\u1ea5t g\u00e2y nghi\u1ec7n ho\u1eb7c c\u00f3 th\u00e0nh ph\u1ea7n l\u00e0 ch\u1ea5t g\u00e2y nghi\u1ec7n<\/li>\n\n\n\n<li>&nbsp;C\u00e1c s\u1ea3n ph\u1ea9m t\u1eeb \u0111\u1ed9ng v\u1eadt hoang d\u00e3. Th\u1ef1c ph\u1ea9m s\u1ed1ng.<\/li>\n\n\n\n<li>&nbsp;C\u00e1c s\u1ea3n ph\u1ea9m c\u00f3 ch\u1ee9a n\u1ed9i dung \u0111\u1ed3i tr\u1ee5y<\/li>\n\n\n\n<li>\u00a0C\u00e1c lo\u1ea1i v\u0169 kh\u00ed ho\u1eb7c ch\u1ea5t g\u00e2y n\u1ed5,\u2026<\/li>\n<\/ul>\n\n\n\n<h2 class=\"wp-block-heading\">KINH NGHI\u1ec6M G\u1eecI H\u00c0NG \u0110I H\u00c0N QU\u1ed0C C\u1ea6N N\u1eaeM<\/h2>\n\n\n\n<p>Khi b\u1ea1n mu\u1ed1n g\u1eedi h\u00e0ng sang H\u00e0n Qu\u1ed1c, c\u00f3 m\u1ed9t s\u1ed1 \u0111i\u1ec1u quan tr\u1ecdng c\u1ea7n l\u01b0u \u00fd:<\/p>\n\n\n\n<ul class=\"wp-block-list\">\n<li>&nbsp;<strong>Y\u00eau c\u1ea7u \u0111\u1ecbnh danh c\u00e1 nh\u00e2n:<\/strong>&nbsp;\u0110\u1ec3 th\u1ef1c hi\u1ec7n th\u1ee7 t\u1ee5c h\u1ea3i quan, ng\u01b0\u1eddi nh\u1eadn c\u1ea7n cung c\u1ea5p th\u00f4ng tin \u0111\u1ecbnh danh c\u00e1 nh\u00e2n, t\u01b0\u01a1ng t\u1ef1 nh\u01b0 s\u1ed1 CMND ho\u1eb7c CCCD tr\u01b0\u1edbc khi g\u1eedi h\u00e0ng.<\/li>\n\n\n\n<li>&nbsp;<strong>T\u00ecm hi\u1ec3u v\u1ec1 m\u1eb7t h\u00e0ng:<\/strong>&nbsp;Tr\u01b0\u1edbc khi quy\u1ebft \u0111\u1ecbnh mua s\u1ea3n ph\u1ea9m \u0111\u1ec3 g\u1eedi \u0111i H\u00e0n Qu\u1ed1c, h\u00e3y tham kh\u1ea3o \u00fd ki\u1ebfn c\u1ee7a d\u1ecbch v\u1ee5 v\u1eadn chuy\u1ec3n v\u1ec1 kh\u1ea3 n\u0103ng v\u1eadn chuy\u1ec3n s\u1ea3n ph\u1ea9m \u0111\u00f3. Bao g\u1ed3m c\u1ea3 vi\u1ec7c x\u00e1c \u0111\u1ecbnh li\u1ec7u s\u1ea3n ph\u1ea9m c\u00f3 th\u1ec3 v\u1eadn chuy\u1ec3n, c\u00f3 gi\u1edbi h\u1ea1n v\u1ec1 s\u1ed1 l\u01b0\u1ee3ng, ho\u1eb7c c\u00f3 c\u00e1c y\u00eau c\u1ea7u \u0111\u1eb7c bi\u1ec7t n\u00e0o kh\u00f4ng.<\/li>\n\n\n\n<li>&nbsp;<strong>Gi\u1edbi h\u1ea1n s\u1ed1 l\u01b0\u1ee3ng d\u1ecbch v\u1ee5:<\/strong>&nbsp;\u0110\u1eebng tham v\u1ea5n qu\u00e1 nhi\u1ec1u d\u1ecbch v\u1ee5 v\u1eadn chuy\u1ec3n ho\u1eb7c so s\u00e1nh qu\u00e1 nhi\u1ec1u b\u00ean chuy\u1ec3n ph\u00e1t nhanh. Thay v\u00e0o \u0111\u00f3, t\u1eadp trung v\u00e0o t\u1ed1i \u0111a ba d\u1ecbch v\u1ee5 \u0111\u1ec3 so s\u00e1nh gi\u00e1, d\u1ecbch v\u1ee5 v\u00e0 th\u00e1i \u0111\u1ed9 t\u01b0 v\u1ea5n, sau \u0111\u00f3 quy\u1ebft \u0111\u1ecbnh ch\u1ecdn b\u00ean n\u00e0o ph\u00f9 h\u1ee3p nh\u1ea5t.<\/li>\n\n\n\n<li>&nbsp;<strong>T\u1eadn d\u1ee5ng tr\u1ecdng l\u01b0\u1ee3ng:<\/strong>&nbsp;Trong vi\u1ec7c g\u1eedi h\u00e0ng \u0111i n\u01b0\u1edbc ngo\u00e0i, c\u00f3 th\u1ec3 \u00e1p d\u1ee5ng nguy\u00ean t\u1eafc l\u00e0 tr\u1ecdng l\u01b0\u1ee3ng c\u00e0ng l\u1edbn th\u00ec c\u01b0\u1edbc ph\u00ed s\u1ebd t\u1ed1t h\u01a1n.<\/li>\n\n\n\n<li>&nbsp;<strong>\u0110\u00f3ng g\u00f3i:<\/strong>&nbsp;S\u1eed d\u1ee5ng d\u1ecbch v\u1ee5 \u0111\u00f3ng g\u00f3i \u0111\u1ec3 gi\u1ea3m thi\u1ec3u th\u1ec3 t\u00edch v\u00e0 ti\u1ebft ki\u1ec7m ph\u00ed g\u1eedi h\u00e0ng.<\/li>\n\n\n\n<li>&nbsp;<strong>T\u1eadn d\u1ee5ng c\u00e1c h\u1ed7 tr\u1ee3 mi\u1ec5n ph\u00ed:<\/strong>&nbsp;M\u1ed9t s\u1ed1 d\u1ecbch v\u1ee5 chuy\u1ec3n ph\u00e1t nhanh c\u00f3 c\u00e1c \u01b0u \u0111\u00e3i mi\u1ec5n ph\u00ed, nh\u01b0 b\u1ea3o hi\u1ec3m h\u00e0ng h\u00f3a c\u01a1 b\u1ea3n. H\u00e3y t\u1eadn d\u1ee5ng n\u00f3 \u0111\u1ec3 b\u1ea3o v\u1ec7 g\u00f3i h\u00e0ng c\u1ee7a b\u1ea1n.<\/li>\n\n\n\n<li>\u00a0<strong>Theo d\u00f5i g\u00f3i h\u00e0ng:<\/strong>\u00a0Sau khi g\u1eedi h\u00e0ng, th\u01b0\u1eddng xuy\u00ean ki\u1ec3m tra v\u00e0 theo d\u00f5i h\u00e0nh tr\u00ecnh g\u00f3i h\u00e0ng c\u1ee7a b\u1ea1n \u0111\u1ec3 \u0111\u1ea3m b\u1ea3o n\u00f3 \u0111\u1ebfn \u0111\u00edch m\u1ed9t c\u00e1ch an to\u00e0n v\u00e0 \u0111\u00fang h\u1eb9n.<\/li>\n<\/ul>\n\n\n\n<h2 class=\"wp-block-heading\">C\u00c1C PH\u01af\u01a0NG TH\u1ee8C G\u1eecI H\u00c0NG \u0110I H\u00c0N QU\u1ed0C<\/h2>\n\n\n\n<p>Hi\u1ec7n nay c\u00f3 hai h\u00ecnh th\u1ee9c v\u1eadn chuy\u1ec3n \u0111i H\u00e0n Qu\u1ed1c ph\u1ed5 bi\u1ebfn \u0111\u01b0\u1ee3c nhi\u1ec1u ng\u01b0\u1eddi s\u1eed d\u1ee5ng \u0111\u00f3 l\u00e0: \u0111\u01b0\u1eddng bi\u1ec3n v\u00e0 \u0111\u01b0\u1eddng bay. M\u1ed7i ph\u01b0\u01a1ng th\u1ee9c v\u1eadn chuy\u1ec3n s\u1ebd c\u00f3 \u01b0u \u0111i\u1ec3m v\u00e0 nh\u01b0\u1ee3c \u0111i\u1ec3m ri\u00eang. B\u1ea1n c\u00f3 th\u1ec3 t\u00ecm hi\u1ec3u ngay sau \u0111\u00e2y:<\/p>\n\n\n\n<h3 class=\"wp-block-heading\">G\u1eedi h\u00e0ng \u0111i H\u00e0n Qu\u1ed1c b\u1eb1ng \u0111\u01b0\u1eddng bi\u1ec3n<\/h3>\n\n\n\n<p>H\u00e0ng h\u00f3a \u0111\u01b0\u1ee3c v\u1eadn chuy\u1ec3n b\u1eb1ng \u0111\u01b0\u1eddng bi\u1ec3n th\u01b0\u1eddng l\u00e0 h\u00e0ng h\u00f3a c\u00f3 h\u1ea1n s\u1eed d\u1ee5ng d\u00e0i, h\u00e0ng c\u1ed3ng k\u1ec1nh ho\u1eb7c h\u00e0ng \u0111\u01b0\u1ee3c g\u1eedi v\u1edbi s\u1ed1 l\u01b0\u1ee3ng l\u1edbn. B\u1edfi v\u00ec th\u1eddi gian s\u1ebd m\u1ea5t t\u1eeb r\u1ea5t nhi\u1ec1u, kho\u1ea3ng t\u1eeb 7-14 ng\u00e0y. Th\u1ee7 t\u1ee5c h\u1ea3i quan c\u0169ng kh\u00e1 r\u01b0\u1eddm r\u00e0.<\/p>\n\n\n\n<p>L\u1ee3i th\u1ebf c\u1ee7a ph\u01b0\u01a1ng th\u1ee9 n\u00e0y \u0111\u00f3 l\u00e0 b\u1ea1n c\u00f3 th\u1ec3 g\u1eedi \u0111a d\u1ea1ng c\u00e1c lo\u1ea1i h\u00e0ng h\u01a1n. M\u1ee9c gi\u00e1 v\u1eadn chuy\u1ec3n b\u1eb1ng \u0111\u01b0\u1eddng bi\u1ec3n c\u0169ng s\u1ebd r\u1ebb h\u01a1n kh\u00e1 nhi\u1ec1u.<\/p>\n\n\n\n<h3 class=\"wp-block-heading\">Chuy\u1ec3n ph\u00e1t nhanh \u0111i H\u00e0n Qu\u1ed1c b\u1eb1ng \u0111\u01b0\u1eddng h\u00e0ng kh\u00f4ng<\/h3>\n\n\n\n<p>Chuy\u1ec3n ph\u00e1t nhanh \u0111i H\u00e0n Qu\u1ed1c b\u1eb1ng \u0111\u01b0\u1eddng h\u00e0ng kh\u00f4ng th\u01b0\u1eddng \u0111\u01b0\u1ee3c l\u1ef1a ch\u1ecdn \u0111\u1ec3 v\u1eadn chuy\u1ec3n h\u00e0ng g\u1ecdn, nh\u1eb9, c\u00f3 gi\u00e1 tr\u1ecb cao ho\u1eb7c h\u1ea1n s\u1eed d\u1ee5ng ng\u1eafn. Khi chuy\u1ec3n ph\u00e1t nhanh, b\u1ea1n s\u1ebd ch\u1ec9 m\u1ea5t t\u1eeb 3-7 ng\u00e0y l\u00e0 h\u00e0ng \u0111\u00e3 c\u00f3 th\u1ec3 \u0111\u1ebfn H\u00e0n Qu\u1ed1c.<\/p>\n\n\n\n<p>Tuy nhi\u00ean c\u00e1c m\u1eb7t h\u00e0ng g\u1eedi qua \u0111\u01b0\u1eddng n\u00e0y s\u1ebd h\u1ea1n ch\u1ebf h\u01a1n, \u0111\u1ed3ng th\u1eddi gi\u00e1 c\u1ea3 c\u0169ng s\u1ebd cao h\u01a1n so v\u1edbi \u0111\u01b0\u1eddng bi\u1ec3n.<\/p>","protected":false},"excerpt":{"rendered":"<p>D\u1ecbch V\u1ee5 G\u1eedi H\u00e0ng \u0110i H\u00e0n Qu\u1ed1c Gi\u00e1 R\u1ebb Ch\u1ec9 T\u1eeb 95K\/KG VTP Express cung c\u1ea5p d\u1ecbch v\u1ee5\u00a0g\u1eedi h\u00e0ng \u0111i H\u00e0n Qu\u1ed1c\u00a0gi\u00e1 t\u1ed1t, nhanh ch\u00f3ng v\u00e0 v\u00f4 c\u00f9ng thu\u1eadn ti\u1ec7n. N\u1ebfu b\u1ea1n \u0111ang c\u00f3 nhu c\u1ea7u g\u1eedi h\u00e0ng t\u1eeb Vi\u1ec7t Nam sang H\u00e0n Qu\u1ed1c th\u00ec \u0111\u1eebng b\u1ecf qua d\u1ecbch v\u1ee5 tuy\u1ec7t v\u1eddi c\u1ee7a VTP Express [&hellip;]<\/p>","protected":false},"author":1,"featured_media":239,"parent":133,"menu_order":0,"comment_status":"closed","ping_status":"closed","template":"template-parts\/service-detail.php","meta":{"_acf_changed":false,"footnotes":""},"class_list":["post-238","page","type-page","status-publish","has-post-thumbnail","hentry"],"acf":[],"_links":{"self":[{"href":"https:\/\/vtpexpress.com\/en\/wp-json\/wp\/v2\/pages\/238","targetHints":{"allow":["GET"]}}],"collection":[{"href":"https:\/\/vtpexpress.com\/en\/wp-json\/wp\/v2\/pages"}],"about":[{"href":"https:\/\/vtpexpress.com\/en\/wp-json\/wp\/v2\/types\/page"}],"author":[{"embeddable":true,"href":"https:\/\/vtpexpress.com\/en\/wp-json\/wp\/v2\/users\/1"}],"replies":[{"embeddable":true,"href":"https:\/\/vtpexpress.com\/en\/wp-json\/wp\/v2\/comments?post=238"}],"version-history":[{"count":3,"href":"https:\/\/vtpexpress.com\/en\/wp-json\/wp\/v2\/pages\/238\/revisions"}],"predecessor-version":[{"id":283,"href":"https:\/\/vtpexpress.com\/en\/wp-json\/wp\/v2\/pages\/238\/revisions\/283"}],"up":[{"embeddable":true,"href":"https:\/\/vtpexpress.com\/en\/wp-json\/wp\/v2\/pages\/133"}],"wp:featuredmedia":[{"embeddable":true,"href":"https:\/\/vtpexpress.com\/en\/wp-json\/wp\/v2\/media\/239"}],"wp:attachment":[{"href":"https:\/\/vtpexpress.com\/en\/wp-json\/wp\/v2\/media?parent=238"}],"curies":[{"name":"wp","href":"https:\/\/api.w.org\/{rel}","templated":true}]}}