{"id":241,"date":"2024-04-12T14:47:53","date_gmt":"2024-04-12T07:47:53","guid":{"rendered":"https:\/\/vtpexpress.com\/?page_id=241"},"modified":"2024-04-15T11:30:15","modified_gmt":"2024-04-15T04:30:15","slug":"gui-hang-di-singapore","status":"publish","type":"page","link":"https:\/\/vtpexpress.com\/en\/dich-vu\/gui-hang-di-singapore\/","title":{"rendered":"G\u1eedi H\u00e0ng \u0110i Singapore"},"content":{"rendered":"<h1 class=\"wp-block-heading\">B\u1ea3ng Gi\u00e1 G\u1eedi H\u00e0ng \u0110i Singapore Gi\u00e1 R\u1ebb Ch\u1ec9 T\u1eeb 45k<\/h1>\n\n\n\n<p>VTP Express l\u00e0 c\u00f4ng ty chuy\u00ean nh\u1eadn\u00a0<strong>g\u1eedi h\u00e0ng \u0111i Singapore<\/strong>\u00a0v\u1edbi gi\u00e1 r\u1ebb. Th\u1eddi gian chuy\u1ec3n h\u00e0ng ch\u1ec9 m\u1ea5t 1 ng\u00e0y, th\u1ee7 t\u1ee5c g\u1eedi h\u00e0ng \u0111\u01a1n gi\u1ea3n, quy tr\u00ecnh l\u00e0m vi\u1ec7c chuy\u00ean nghi\u1ec7p\u2026C\u00f9ng t\u00ecm hi\u1ec3u b\u00e0i vi\u1ebft d\u01b0\u1edbi \u0111\u00e2y \u0111\u1ec3 hi\u1ec3u r\u00f5 th\u00eam v\u1ec1 d\u1ecbch v\u1ee5 nh\u00e9!<\/p>\n\n\n\n<p>Hi\u1ec7n nay c\u00f3 r\u1ea5t nhi\u1ec1u ng\u01b0\u1eddi Vi\u1ec7t mu\u1ed1n g\u1eedi \u0111\u1ed3 sang Singapore cho ng\u01b0\u1eddi th\u00e2n, b\u1ea1n b\u00e8, \u0111\u1ed1i t\u00e1c\u2026H\u00e3y tham kh\u1ea3o b\u1ea3ng gi\u00e1 g\u1eedi h\u00e0ng \u0111i Singapore th\u00f4ng qua 3A Express:<\/p>\n\n\n\n<figure class=\"wp-block-table\"><table><tbody><tr><td><strong>S\u1ed1 k\u00fd<\/strong><\/td><td><strong>H\u00e0ng th\u01b0\u1eddng<\/strong><\/td><td><strong>Th\u1ef1c ph\u1ea9m, m\u1ef9 ph\u1ea9m, h\u00e0ng fake<\/strong><\/td><\/tr><tr><td>\ud83d\udd34 1kg<\/td><td>\u2b50\ufe0f 150.000<\/td><td>\u2705 150.000<\/td><\/tr><tr><td>\ud83d\udd34 2kg<\/td><td>\u2b50\ufe0f 300.000<\/td><td>\u2705 300.00<\/td><\/tr><tr><td>\ud83d\udd34 3kg<\/td><td>\u2b50\ufe0f 450.000<\/td><td>\u2705 450.000<\/td><\/tr><tr><td>\ud83d\udd34 4kg<\/td><td>\u2b50\ufe0f 600.000<\/td><td>\u2705 600.000<\/td><\/tr><tr><td>\ud83d\udd34 5kg<\/td><td>\u2b50\ufe0f 750.000<\/td><td>\u2705 750.000<\/td><\/tr><tr><td>\ud83d\udd34 6-10kg<\/td><td>\u2b50\ufe0f 80.000\/1kg<\/td><td>\u2705 80.000\/1kg<\/td><\/tr><tr><td>\ud83d\udd34 11-99kg<\/td><td>\u2b50\ufe0f 70.000\/1kg<\/td><td>\u2705 70.000\/1kg<\/td><\/tr><tr><td>\ud83d\udd34 &gt; 100kg<\/td><td>\u2b50\ufe0f 48.000\/1kg<\/td><td>\u2705 48.000\/1kg<\/td><\/tr><\/tbody><\/table><\/figure>\n\n\n\n<p><a href=\"tel:0797222333\"><\/a><a href=\"https:\/\/zalo.me\/0797222333\" target=\"_blank\" rel=\"noreferrer noopener\"><\/a><\/p>\n\n\n\n<p>\u0110\u00e2y l\u00e0 b\u1ea3ng gi\u00e1 g\u1eedi h\u00e0ng \u0111i Singapore t\u1ea1i c\u00f4ng ty VTP Express. L\u01b0u \u00fd r\u1eb1ng, b\u1ea3ng gi\u00e1 n\u00e0y ch\u1ec9 \u0111\u01b0\u1ee3c \u00e1p d\u1ee5ng t\u1ea1i th\u1eddi \u0111i\u1ec3m hi\u1ec7n t\u1ea1i, n\u00f3 s\u1ebd \u0111\u01b0\u1ee3c thay \u0111\u1ed5i theo t\u1eebng giai \u0111o\u1ea1n, c\u00f3 th\u1ec3 cao h\u01a1n ho\u1eb7c th\u1ea5p h\u01a1n.<\/p>\n\n\n\n<p>\u01afu \u0111\u00e3i c\u1ef1c s\u1ed1c t\u1eeb ch\u01b0\u01a1ng tr\u00ecnh tri \u00e2n kh\u00e1ch h\u00e0ng:<\/p>\n\n\n\n<ul class=\"wp-block-list\">\n<li>&nbsp;G\u1eedi t\u1eeb&nbsp;<strong>\ud835\udfcf-\ud835\udfcf\ud835\udfce\ud835\udfce\ud835\udc24\ud835\udc20<\/strong>&nbsp;\u0110\u1ed2NG GI\u00c1&nbsp;<strong>\ud835\udfd3\ud835\udfd0\ud835\udc0a\/\ud835\udc0a\ud835\udc06<\/strong><\/li>\n\n\n\n<li>&nbsp;G\u1eedi tr\u00ean&nbsp;<strong>\ud835\udfcf\ud835\udfce\ud835\udfce\ud835\udc24\ud835\udc20<\/strong>&nbsp;GI\u00c1 CH\u1ec8 T\u1eea&nbsp;<strong>\ud835\udfd2\ud835\udfd3\ud835\udc0a\/\ud835\udc0a\ud835\udc06<\/strong><\/li>\n<\/ul>\n\n\n\n<p>Ngo\u00e0i ra, b\u1ea3ng gi\u00e1 g\u1eedi h\u00e0ng \u0111i Singapore n\u00e0y \u0111\u01b0\u1ee3c c\u00f4ng khai \u0111\u1ec3 kh\u00e1ch h\u00e0ng d\u1ec5 theo d\u00f5i. Tuy nhi\u00ean mu\u1ed1n \u0111\u01b0\u1ee3c b\u00e1o gi\u00e1 ch\u00ednh x\u00e1c, c\u1ea7n li\u00ean h\u1ec7 tr\u1ef1c ti\u1ebfp v\u1edbi nh\u00e2n vi\u00ean t\u01b0 v\u1ea5n.<\/p>\n\n\n\n<h2 class=\"wp-block-heading\">H\u01b0\u1edbng d\u1eabn th\u1ee7 t\u1ee5c g\u1eedi h\u00e0ng \u0111i Singapore<\/h2>\n\n\n\n<p>Kh\u00e1ch h\u00e0ng kh\u00f4ng c\u1ea7n chu\u1ea9n b\u1ecb gi\u1ea5y t\u1edd g\u00ec g\u1eedi h\u00e0ng t\u1ea1i VTP Express. Ch\u1ec9 c\u1ea7n mang h\u00e0ng \u0111\u1ebfn kho, ho\u1eb7c li\u00ean h\u1ec7 v\u1edbi nh\u00e2n vi\u00ean t\u01b0 v\u1ea5n s\u1ebd \u0111\u01b0\u1ee3c h\u1ed7 tr\u1ee3 t\u1ed1t nh\u1ea5t.<\/p>\n\n\n\n<p>Th\u00f4ng tin kh\u00e1ch h\u00e0ng c\u1ea7n cung c\u1ea5p ch\u00ednh x\u00e1c \u0111\u00f3 ch\u00ednh l\u00e0: t\u00ean lo\u1ea1i h\u00e0ng h\u00f3a, s\u1ed1 l\u01b0\u1ee3ng c\u1ee5 th\u1ec3 l\u00e0 bao nhi\u00eau (v\u00ed d\u1ee5, 1 h\u1ed9p c\u00e1 c\u01a1m, 5 c\u00e1i \u00e1o, 20 g\u00f3i m\u00ec t\u00f4m\u2026). Th\u00eam v\u00e0o \u0111\u00f3 c\u1ea7n cung c\u1ea5p th\u00f4ng tin, \u0111\u1ecba ch\u1ec9 nh\u1eadn h\u00e0ng b\u00ean Singapore th\u1eadt ch\u00ednh x\u00e1c, tr\u00e1nh x\u1ea3y ra nh\u1eefng sai s\u00f3t kh\u00f4ng \u0111\u00e1ng c\u00f3.<\/p>\n\n\n\n<h2 class=\"wp-block-heading\">Nh\u1eefng M\u1eb7t H\u00e0ng \u0110\u01b0\u1ee3c G\u1eedi \u0110i Singapore<\/h2>\n\n\n\n<p>Khi g\u1eedi chuy\u1ec3n ph\u00e1t nhanh qu\u1ed1c t\u1ebf, ng\u01b0\u1eddi g\u1eedi c\u1ea7n t\u00ecm hi\u1ec3u k\u1ef9 v\u1ec1 nh\u1eefng lo\u1ea1i h\u00e0ng h\u00f3a \u0111\u01b0\u1ee3c g\u1eedi \u0111i. T\u1ea1i 3A Express, qu\u00fd kh\u00e1ch \u0111\u01b0\u1ee3c ph\u00e9p g\u1eedi c\u00e1c m\u1eb7t h\u00e0ng c\u1ee5 th\u1ec3 nh\u01b0:<\/p>\n\n\n\n<ul class=\"wp-block-list\">\n<li>&nbsp;Qu\u1ea7n \u00e1o, th\u1ef1c ph\u1ea9m kh\u00f4, m\u1ef9 ph\u1ea9m, th\u1ef1c ph\u1ea9m ch\u1ee9c n\u0103ng, c\u00e1c lo\u1ea1i \u0111\u1ed3 kh\u00f4, c\u00e1c lo\u1ea1i m\u1eafm s\u1ec7t, d\u1ee5ng c\u1ee5 l\u00e0m \u0111\u1eb9p, \u0111\u1ed3 th\u1eddi trang.<\/li>\n\n\n\n<li>&nbsp;M\u1eb7t h\u00e0ng \u0111i\u1ec7n t\u1eed, linh ki\u1ec7n, \u0111\u1ed3 g\u1ed7, \u0111\u1ed3 g\u1ed1m, \u0111\u1ed3 s\u1ee9, c\u00e1c d\u1ee5ng c\u1ee5 d\u00f9ng cho c\u00e1 nh\u00e2n, gia \u0111\u00ecnh\u2026 C\u00e1c lo\u1ea1i gia v\u1ecb, b\u00e1nh trung thu, m\u1ef9 ph\u1ea9m,\u2026.<\/li>\n\n\n\n<li>\u00a0C\u00e1c lo\u1ea1i\u00a0b\u01b0u ph\u1ea9m\u00a0bao g\u1ed3m h\u1ed3 s\u01a1, t\u00e0i li\u1ec7u, h\u00e0ng m\u1eabu,\u2026 c\u0169ng \u0111\u01b0\u1ee3c\u00a0<strong>chuy\u1ec3n ph\u00e1t nhanh \u0111i Singapore<\/strong>\u00a0v\u1edbi gi\u00e1 c\u01b0\u1edbc t\u1ed1t nh\u1ea5t.<\/li>\n<\/ul>\n\n\n\n<h2 class=\"wp-block-heading\">Nh\u1eefng M\u1eb7t H\u00e0ng&nbsp;<strong>KH\u00d4NG<\/strong>&nbsp;G\u1eedi \u0110i \u0110\u01b0\u1ee3c<\/h2>\n\n\n\n<p>Nh\u1eefng h\u00e0ng h\u00f3a b\u1ecb t\u1eeb ch\u1ed1i khi g\u1eedi t\u1eeb Vi\u1ec7t Nam \u0111i Singapore g\u1ed3m:<\/p>\n\n\n\n<ul class=\"wp-block-list\">\n<li>&nbsp;H\u00e0ng qu\u00e1 c\u0169, kh\u00f4ng nh\u00e3n m\u00e1c, kh\u00f4ng r\u00f5 ngu\u1ed3n g\u1ed1c, h\u00e0ng fake, h\u00e0ng qu\u00fd hi\u1ebfm.<\/li>\n\n\n\n<li>&nbsp;\u0110\u1ed1i v\u1edbi th\u1ef1c ph\u1ea9m th\u00ec kh\u00f4ng \u0111\u01b0\u1ee3c g\u1eedi nh\u1eefng s\u1ea3n ph\u1ea9m ch\u1ee9a th\u1ecbt, tr\u1ee9ng, s\u1eefa\u2026<\/li>\n\n\n\n<li>&nbsp;C\u00e1c m\u1eb7t h\u00e0ng g\u00e2y \u1ea3nh h\u01b0\u1edfng \u0111\u1ebfn s\u1ee9c kh\u1ecfe ng\u01b0\u1eddi d\u00f9ng, g\u00e2y b\u1ea1o \u0111\u1ed9ng nh\u01b0 s\u00fang, ki\u1ebfm, dao, thu\u1ed1c l\u1eafc\u2026<\/li>\n\n\n\n<li>\u00a0\u0110\u1ed9ng v\u1eadt s\u1ed1ng, th\u00fa c\u01b0ng c\u0169ng kh\u00f4ng \u0111\u01b0\u1ee3c v\u1eadn chuy\u1ec3n sang Singapore.<\/li>\n<\/ul>\n\n\n\n<p><strong>L\u01b0u \u00fd v\u1edbi h\u00e0ng b\u1ecb c\u1ea5m:<\/strong>\u00a0Khi c\u00f4ng ty v\u1eadn chuy\u1ec3n \u0111\u00e3 t\u1eeb ch\u1ed1i nh\u1eadn \u0111\u01a1n h\u00e0ng c\u1ee7a kh\u00e1ch. D\u00f9 b\u1eb1ng c\u00e1ch n\u00e0o, kh\u00e1ch h\u00e0ng c\u1ed1 t\u00ecnh vi ph\u1ea1m th\u00ec \u0111\u01a1n h\u00e0ng khi x\u1ea3y ra v\u1ea5n \u0111\u1ec1, c\u00f4ng ty s\u1ebd kh\u00f4ng ch\u1ecbu tr\u00e1ch nhi\u1ec7m. V\u00ed d\u1ee5 nh\u01b0, \u0111\u01a1n h\u00e0ng b\u1ecb gi\u1eef l\u1ea1i \u1edf c\u1eeda h\u1ea3i quan, b\u1ecb t\u1ecbch thu, ti\u00eau h\u1ee7y ho\u1eb7c b\u1eaft \u0111\u00f3ng ph\u1ea1t\u2026 nh\u1eefng h\u00ecnh ph\u1ea1t n\u00e0y, c\u00f4ng ty VTP Express s\u1ebd kh\u00f4ng ch\u1ecbu tr\u00e1ch nhi\u1ec7m v\u00e0 kh\u00f4ng c\u00f3 kh\u1ea3 n\u0103ng can thi\u1ec7p.<\/p>\n\n\n\n<h2 class=\"wp-block-heading\">L\u01afU \u00dd KHI G\u1eecI \u0110\u1ed2 QUA SINGAPORE B\u1ea0N C\u1ea6N N\u1eaeM<\/h2>\n\n\n\n<h3 class=\"wp-block-heading\">N\u1ebfu kh\u00e1ch g\u1eedi h\u00e0ng sai quy \u0111\u1ecbnh<\/h3>\n\n\n\n<p>Tr\u01b0\u1eddng h\u1ee3p kh\u00e1ch g\u1eedi h\u00e0ng c\u00f3 sai ph\u1ea1m. Ngh\u0129a l\u00e0 c\u1ed1 t\u00ecnh g\u1eedi nh\u1eefng h\u00e0ng h\u00f3a kh\u00f4ng \u0111\u01b0\u1ee3c ph\u00e9p \u0111i Singapore. V\u1ea5n \u0111\u1ec1 n\u00e0y nh\u00e2n vi\u00ean s\u1ebd t\u01b0 v\u1ea5n cho kh\u00e1ch. Trong qu\u00e1 tr\u00ecnh kh\u00e1ch \u201cqua m\u1eb7t\u201d h\u1ea3i quan th\u00ec \u1ed5n, kh\u00f4ng sao.<\/p>\n\n\n\n<p>Nh\u01b0ng n\u1ebfu b\u1ecb h\u1ea3i quan ph\u00e1t hi\u1ec7n, \u0111\u01a1n h\u00e0ng s\u1ebd b\u1ecb t\u1ecbch thu, ti\u00eau h\u1ee7y ho\u1eb7c \u0111\u00f3ng ti\u1ec1n ph\u1ea1t\u2026 nh\u1eefng \u0111i\u1ec1u n\u00e0y kh\u00f4ng ch\u1ec9 g\u00e2y r\u1eafc r\u1ed1i cho \u0111\u01a1n h\u00e0ng c\u1ee7a kh\u00e1ch, m\u00e0 c\u00f2n \u1ea3nh h\u01b0\u1edfng \u0111\u1ebfn to\u00e0n b\u1ed9 \u0111\u01a1n h\u00e0ng c\u1ee7a c\u00f4ng ty. Do v\u1eady, ng\u01b0\u1eddi g\u1eedi n\u00ean c\u00e2n nh\u1eafc tr\u01b0\u1edbc khi quy\u1ebft \u0111\u1ecbnh \u0111i\u1ec1u g\u00ec \u1ea3nh h\u01b0\u1edfng \u0111\u1ebfn nh\u1eefng ng\u01b0\u1eddi kh\u00e1c.<\/p>\n\n\n\n<h3 class=\"wp-block-heading\">N\u1ebfu kh\u00e1ch cung c\u1ea5p \u0111\u1ecba ch\u1ec9, th\u00f4ng tin ng\u01b0\u1eddi nh\u1eadn sai<\/h3>\n\n\n\n<p>Kh\u00e1ch h\u00e0ng cung c\u1ea5p nh\u1ea7m ho\u1eb7c sai \u0111\u1ecba ch\u1ec9, th\u00f4ng tin li\u00ean h\u1ec7 v\u1edbi ng\u01b0\u1eddi nh\u1eadn, l\u00fac n\u00e0y ch\u1eafc ch\u1eafn \u0111\u01a1n h\u00e0ng s\u1ebd \u0111\u01b0\u1ee3c nh\u1eadn tr\u1ec5, v\u00e0 c\u00f3 kh\u1ea3 n\u0103ng kh\u00e1ch s\u1ebd ph\u1ea3i \u0111\u00f3ng th\u00eam ph\u00ed ph\u1ee5 thu. Do v\u1eady, h\u00e3y ki\u1ec3m tra k\u1ef9.<\/p>\n\n\n\n<h3 class=\"wp-block-heading\">Thu\u1ebf nh\u1eadp kh\u1ea9u<\/h3>\n\n\n\n<p>\u1ede b\u00ean&nbsp;<a href=\"https:\/\/en.wikipedia.org\/wiki\/Singapore\" target=\"_blank\" rel=\"noreferrer noopener\"><strong>Singapore<\/strong><\/a>, khi nh\u1eadn h\u00e0ng h\u00f3a, c\u00f3 th\u1ec3 ng\u01b0\u1eddi nh\u1eadn s\u1ebd ph\u1ea3i \u0111\u00f3ng th\u00eam thu\u1ebf. Thu\u1ebf n\u00e0y g\u1ecdi l\u00e0 thu\u1ebf nh\u1eadp kh\u1ea9u, do nh\u00e0 n\u01b0\u1edbc, ng\u00e0nh v\u1eadn chuy\u1ec3n b\u00ean \u0111\u00f3 quy \u0111\u1ecbnh, v\u00e0 c\u00f4ng ty g\u1eedi h\u00e0ng kh\u00f4ng th\u1ec3 can thi\u1ec7p.<\/p>\n\n\n\n<p>Ph\u00ed thu\u1ebf n\u00e0y c\u00f3 th\u1ec3 c\u00f3 ho\u1eb7c kh\u00f4ng, t\u00f9y v\u00e0o \u0111\u01a1n h\u00e0ng v\u00e0 \u0111\u1ee3t kh\u00e1ch g\u1eedi. Nhi\u1ec1u hay \u00edt c\u0169ng t\u00f9y v\u00e0o \u0111\u01a1n h\u00e0ng c\u1ee7a kh\u00e1ch. Do v\u1eady, thu\u1ebf n\u00e0y kh\u00f4ng c\u00f3 con s\u1ed1 c\u1ee5 th\u1ec3 \u0111\u1ec3 c\u00f4ng ty b\u00e1o v\u1edbi ng\u01b0\u1eddi g\u1eedi hay ng\u01b0\u1eddi nh\u1eadn. Ch\u1ec9 bi\u1ebft l\u00e0 ph\u00ed th\u1ee5 \u0111\u1ed9ng, b\u00ean \u0111\u00f3 y\u00eau c\u1ea7u nh\u01b0 th\u1ebf n\u00e0o th\u00ec thanh to\u00e1n nh\u01b0 v\u1eady.<\/p>\n\n\n\n<p>Nhi\u1ec1u kh\u00e1ch h\u00e0ng mu\u1ed1n bi\u1ebft ch\u00ednh x\u00e1c m\u1ee9c ph\u00ed v\u00e0 c\u00e1ch t\u00ednh thu\u1ebf nh\u01b0 th\u1ebf n\u00e0o \u0111\u1ec3 ch\u1ee7 \u0111\u1ed9ng h\u01a1n trong qu\u00e1 tr\u00ecnh thanh to\u00e1n. Tuy nhi\u00ean, ph\u00ed thu\u1ebf nh\u1eadp kh\u1ea9u b\u00ean c\u00f4ng ty kh\u00f4ng c\u00f3 b\u1ea3ng gi\u00e1 hay \u0111i\u1ec1u kho\u1ea3n \u0111\u1ec3 cung c\u1ea5p cho kh\u00e1ch h\u00e0ng, mong qu\u00fd kh\u00e1ch th\u00f4ng c\u1ea3m.<\/p>","protected":false},"excerpt":{"rendered":"<p>B\u1ea3ng Gi\u00e1 G\u1eedi H\u00e0ng \u0110i Singapore Gi\u00e1 R\u1ebb Ch\u1ec9 T\u1eeb 45k VTP Express l\u00e0 c\u00f4ng ty chuy\u00ean nh\u1eadn\u00a0g\u1eedi h\u00e0ng \u0111i Singapore\u00a0v\u1edbi gi\u00e1 r\u1ebb. Th\u1eddi gian chuy\u1ec3n h\u00e0ng ch\u1ec9 m\u1ea5t 1 ng\u00e0y, th\u1ee7 t\u1ee5c g\u1eedi h\u00e0ng \u0111\u01a1n gi\u1ea3n, quy tr\u00ecnh l\u00e0m vi\u1ec7c chuy\u00ean nghi\u1ec7p\u2026C\u00f9ng t\u00ecm hi\u1ec3u b\u00e0i vi\u1ebft d\u01b0\u1edbi \u0111\u00e2y \u0111\u1ec3 hi\u1ec3u r\u00f5 th\u00eam v\u1ec1 d\u1ecbch [&hellip;]<\/p>","protected":false},"author":1,"featured_media":242,"parent":133,"menu_order":0,"comment_status":"closed","ping_status":"closed","template":"template-parts\/service-detail.php","meta":{"_acf_changed":false,"footnotes":""},"class_list":["post-241","page","type-page","status-publish","has-post-thumbnail","hentry"],"acf":[],"_links":{"self":[{"href":"https:\/\/vtpexpress.com\/en\/wp-json\/wp\/v2\/pages\/241","targetHints":{"allow":["GET"]}}],"collection":[{"href":"https:\/\/vtpexpress.com\/en\/wp-json\/wp\/v2\/pages"}],"about":[{"href":"https:\/\/vtpexpress.com\/en\/wp-json\/wp\/v2\/types\/page"}],"author":[{"embeddable":true,"href":"https:\/\/vtpexpress.com\/en\/wp-json\/wp\/v2\/users\/1"}],"replies":[{"embeddable":true,"href":"https:\/\/vtpexpress.com\/en\/wp-json\/wp\/v2\/comments?post=241"}],"version-history":[{"count":3,"href":"https:\/\/vtpexpress.com\/en\/wp-json\/wp\/v2\/pages\/241\/revisions"}],"predecessor-version":[{"id":288,"href":"https:\/\/vtpexpress.com\/en\/wp-json\/wp\/v2\/pages\/241\/revisions\/288"}],"up":[{"embeddable":true,"href":"https:\/\/vtpexpress.com\/en\/wp-json\/wp\/v2\/pages\/133"}],"wp:featuredmedia":[{"embeddable":true,"href":"https:\/\/vtpexpress.com\/en\/wp-json\/wp\/v2\/media\/242"}],"wp:attachment":[{"href":"https:\/\/vtpexpress.com\/en\/wp-json\/wp\/v2\/media?parent=241"}],"curies":[{"name":"wp","href":"https:\/\/api.w.org\/{rel}","templated":true}]}}