{"id":244,"date":"2024-04-12T14:49:48","date_gmt":"2024-04-12T07:49:48","guid":{"rendered":"https:\/\/vtpexpress.com\/?page_id=244"},"modified":"2024-04-12T14:49:48","modified_gmt":"2024-04-12T07:49:48","slug":"gui-hang-di-chau-au","status":"publish","type":"page","link":"https:\/\/vtpexpress.com\/en\/dich-vu\/gui-hang-di-chau-au\/","title":{"rendered":"G\u1eedi H\u00e0ng \u0110i Ch\u00e2u \u00c2u"},"content":{"rendered":"<h2 class=\"wp-block-heading\">VTP Express \u2013 \u0110\u01a1n v\u1ecb v\u1eadn chuy\u1ec3n qu\u1ed1c t\u1ebf uy t\u00edn t\u1ea1i TPHCM<\/h2>\n\n\n\n<p>Nhu c\u1ea7u th\u01b0\u01a1ng m\u1ea1i qu\u1ed1c t\u1ebf t\u0103ng cao l\u00e0 nguy\u00ean nh\u00e2n d\u1eabn \u0111\u1ebfn s\u1ef1 ph\u00e1t tri\u1ec3n c\u1ee7a d\u1ecbch v\u1ee5 g\u1eedi h\u00e0ng \u0111i n\u01b0\u1edbc ngo\u00e0i. \u0110\u1ec3 \u0111\u00e1p \u1ee9ng nhu c\u1ea7u v\u1eadn chuy\u1ec3n qu\u1ed1c t\u1ebf c\u1ee7a kh\u00e1ch h\u00e0ng, VTP Express cung c\u1ea5p d\u1ecbch v\u1ee5 chuy\u1ec3n ph\u00e1t qu\u1ed1c t\u1ebf uy t\u00edn, an to\u00e0n v\u00e0 nhanh ch\u00f3ng. B\u1eb1ng c\u00e1ch k\u1ebft h\u1ee3p c\u00e1c ph\u01b0\u01a1ng ph\u00e1p v\u1eadn chuy\u1ec3n \u0111\u01b0\u1eddng b\u1ed9,&nbsp;v\u1eadn t\u1ea3i \u0111\u01b0\u1eddng bi\u1ec3n&nbsp;v\u00e0 \u0111\u01b0\u1eddng h\u00e0ng kh\u00f4ng, ch\u00fang t\u00f4i s\u1ebd gi\u00fap b\u1ea1n g\u1eedi g\u00f3i h\u00e0ng ra n\u01b0\u1edbc ngo\u00e0i m\u1ed9t c\u00e1ch d\u1ec5 d\u00e0ng v\u00e0 thu\u1eadn ti\u1ec7n.<\/p>\n\n\n\n<p>T\u1ea1i VTP Express, ch\u00fang t\u00f4i cung c\u1ea5p d\u1ecbch v\u1ee5 g\u1eedi h\u00e0ng \u0111i n\u01b0\u1edbc ngo\u00e0i t\u1ea1i TPHCM uy t\u00edn v\u00e0 gi\u00e1 r\u1ebb cho kh\u00e1ch h\u00e0ng. Ch\u00fang t\u00f4i cung c\u1ea5p c\u00e1c d\u1ecbch v\u1ee5 v\u1eadn chuy\u1ec3n h\u00e0ng xu\u1ea5t kh\u1ea9u ra n\u01b0\u1edbc ngo\u00e0i s\u1ed1 l\u01b0\u1ee3ng l\u1edbn \u0111\u1ebfn nhi\u1ec1u qu\u1ed1c gia tr\u00ean th\u1ebf gi\u1edbi:<\/p>\n\n\n\n<ul class=\"wp-block-list\">\n<li>D\u1ecbch v\u1ee5 g\u1eedi h\u00e0ng \u0111i M\u1ef9<\/li>\n\n\n\n<li>D\u1ecbch v\u1ee5 ship h\u00e0ng \u0111i \u00dac<\/li>\n\n\n\n<li>V\u1eadn chuy\u1ec3n h\u00e0ng \u0111i Canada<\/li>\n\n\n\n<li>G\u1eedi h\u00e0ng \u0111i Anh<\/li>\n\n\n\n<li>G\u1eedi h\u00e0ng \u0111i c\u00e1c n\u01b0\u1edbc Ch\u00e2u \u00c2u, Ch\u00e2u \u00c1: Trung Qu\u1ed1c, H\u00e0n Qu\u1ed1c, Nh\u1eadt B\u1ea3n, \u0110\u00e0i Loan, \u0110\u1ee9c, Ph\u00e1p\u2026<\/li>\n<\/ul>\n\n\n\n<p>VTP Express l\u00e0 m\u1ed9t \u0111\u01a1n v\u1ecb v\u1eadn chuy\u1ec3n h\u00e0ng qu\u1ed1c t\u1ebf uy t\u00edn t\u1ea1i TPHCM. V\u1edbi 8 n\u0103m kinh nghi\u1ec7m trong l\u0129nh v\u1ef1c v\u1eadn chuy\u1ec3n h\u00e0ng \u0111i n\u01b0\u1edbc ngo\u00e0i, VTP Express \u0111\u00e3 x\u00e2y d\u1ef1ng \u0111\u01b0\u1ee3c s\u1ef1 tin t\u01b0\u1edfng v\u00e0 uy t\u00edn t\u1eeb kh\u00e1ch h\u00e0ng. Li\u00ean h\u1ec7 ngay v\u1edbi ch\u00fang t\u00f4i \u0111\u1ec3 \u0111\u01b0\u1ee3c t\u01b0 v\u1ea5n chi ti\u1ebft v\u1ec1 d\u1ecbch v\u1ee5.<\/p>\n\n\n\n<h2 class=\"wp-block-heading\">C\u00e1ch t\u00ednh ph\u00ed ship h\u00e0ng \u0111i n\u01b0\u1edbc ngo\u00e0i<\/h2>\n\n\n\n<p>Chi ph\u00ed g\u1eedi h\u00e0ng \u0111i n\u01b0\u1edbc ngo\u00e0i c\u00f3 m\u1ed1i t\u01b0\u01a1ng quan thu\u1eadn v\u1edbi tr\u1ecdng l\u01b0\u1ee3ng v\u00e0 k\u00edch th\u01b0\u1edbc c\u1ee7a h\u00e0ng h\u00f3a, c\u0169ng nh\u01b0 kho\u1ea3ng c\u00e1ch v\u1eadn chuy\u1ec3n. Tuy nhi\u00ean ch\u00fang t\u00f4i cam k\u1ebft cung c\u1ea5p gi\u00e1 c\u01b0\u1edbc v\u1eadn chuy\u1ec3n r\u1ebb nh\u1ea5t cho kh\u00e1ch h\u00e0ng c\u1ee7a m\u00ecnh. C\u01b0\u1edbc ph\u00ed g\u1eedi h\u00e0ng h\u00f3a \u0111i n\u01b0\u1edbc ngo\u00e0i s\u1ebd \u0111\u01b0\u1ee3c t\u00ednh nh\u01b0 sau:<\/p>\n\n\n\n<ul class=\"wp-block-list\">\n<li>N\u1ebfu m\u1eb7t h\u00e0ng trong nh\u00f3m qu\u1ea7n \u00e1o, s\u00e1ch v\u1edf, \u1ed1c v\u00edt,\u2026. H\u00e0ng n\u1eb7ng th\u00ec gi\u00e1 g\u1eedi h\u00e0ng \u0111i n\u01b0\u1edbc ngo\u00e0i s\u1ebd \u0111\u01b0\u1ee3c t\u00ednh = s\u1ed1 c\u00e2n n\u1eb7ng th\u1ef1c t\u1ebf.<\/li>\n\n\n\n<li>Tr\u01b0\u1eddng h\u1ee3p \u0111\u1ed1i v\u1edbi h\u00e0ng h\u00f3a c\u00f3 k\u00edch c\u1ee1 c\u1ed3ng k\u1ec1nh nh\u01b0 g\u1eedi tranh \u1ea3nh, g\u1eedi \u0111\u1ed3 m\u1ef9 ngh\u1ec7 l\u00e0m t\u1eeb c\u00f3i, m\u00e2y tre:&nbsp;<strong>S\u1ed1 kg t\u00ednh c\u01b0\u1edbc = d\u00e0i x r\u1ed9ng x cao \/ 5000 (cm)<\/strong>.<\/li>\n<\/ul>\n\n\n\n<p>Ngo\u00e0i ra, \u0111\u1ec3 \u0111\u1ea3m b\u1ea3o h\u00e0ng h\u00f3a \u0111\u01b0\u1ee3c v\u1eadn chuy\u1ec3n \u0111\u1ebfn n\u01a1i an to\u00e0n, ngo\u00e0i quy tr\u00ecnh&nbsp;\u0111\u00f3ng g\u00f3i h\u00e0ng h\u00f3a&nbsp;chuy\u00ean nghi\u1ec7p ch\u00fang t\u00f4i cung c\u1ea5p d\u1ecbch v\u1ee5&nbsp;b\u1ea3o hi\u1ec3m h\u00e0ng h\u00f3a&nbsp;v\u1edbi m\u1ee9c ph\u00ed \u01b0u \u0111\u00e3i. Kh\u00e1ch h\u00e0ng c\u00f3 th\u1ec3 ch\u1ecdn m\u1ee9c b\u1ea3o hi\u1ec3m ph\u00f9 h\u1ee3p v\u1edbi gi\u00e1 tr\u1ecb h\u00e0ng h\u00f3a c\u1ee7a m\u00ecnh, \u0111\u1ea3m b\u1ea3o s\u1ef1 \u0111\u1ec1n b\u00f9 khi h\u00e0ng h\u00f3a g\u1eb7p c\u00e1c r\u1ee7i ro trong qu\u00e1 tr\u00ecnh v\u1eadn chuy\u1ec3n.<\/p>\n\n\n\n<h2 class=\"wp-block-heading\">Th\u1eddi gian v\u1eadn chuy\u1ec3n h\u00e0ng h\u00f3a \u0111i n\u01b0\u1edbc ngo\u00e0i<\/h2>\n\n\n\n<p>Th\u1eddi gian v\u1eadn chuy\u1ec3n h\u00e0ng h\u00f3a \u0111i n\u01b0\u1edbc ngo\u00e0i ph\u1ee5 thu\u1ed9c v\u00e0o qu\u1ed1c gia \u0111\u1ebfn v\u00e0 ph\u01b0\u01a1ng th\u1ee9c v\u1eadn chuy\u1ec3n \u0111\u01b0\u1ee3c l\u1ef1a ch\u1ecdn. VTP Express cung c\u1ea5p nhi\u1ec1u ph\u01b0\u01a1ng th\u1ee9c v\u1eadn chuy\u1ec3n linh ho\u1ea1t nh\u01b0 \u0111\u01b0\u1eddng bi\u1ec3n, \u0111\u01b0\u1eddng h\u00e0ng kh\u00f4ng v\u00e0 qua b\u01b0u \u0111i\u1ec7n, gi\u00fap kh\u00e1ch h\u00e0ng l\u1ef1a ch\u1ecdn ph\u00f9 h\u1ee3p v\u1edbi nhu c\u1ea7u c\u1ee7a m\u00ecnh<\/p>\n\n\n\n<ul class=\"wp-block-list\">\n<li>D\u1ecbch v\u1ee5&nbsp;chuy\u1ec3n ph\u00e1t nhanh qu\u1ed1c t\u1ebf&nbsp;ch\u1ec9 t\u1eeb 2-3 ng\u00e0y l\u00e0m vi\u1ec7c, ph\u00f9 h\u1ee3p v\u1edbi c\u00e1c \u0111\u01a1n h\u00e0ng c\u1ea7n giao g\u1ea5p, h\u00e0ng d\u1ec5 h\u1ecfng.<\/li>\n\n\n\n<li>D\u1ecbch v\u1ee5 giao h\u00e0ng ti\u00eau chu\u1ea9n m\u1ea5t 3-5 ng\u00e0y l\u00e0m vi\u1ec7c, l\u00fd t\u01b0\u1edfng cho h\u00e0ng h\u00f3a th\u00f4ng th\u01b0\u1eddng.<\/li>\n\n\n\n<li>D\u1ecbch v\u1ee5 giao h\u00e0ng ti\u1ebft ki\u1ec7m v\u1edbi th\u1eddi gian d\u00e0i h\u01a1n, th\u00edch h\u1ee3p v\u1edbi c\u00e1c l\u00f4 h\u00e0ng c\u00f3 k\u00edch th\u01b0\u1edbc l\u1edbn, v\u1eadn chuy\u1ec3n b\u1eb1ng \u0111\u01b0\u1eddng bi\u1ec3n.<\/li>\n<\/ul>\n\n\n\n<h2 class=\"wp-block-heading\">Th\u1ee7 t\u1ee5c h\u1ea3i quan xu\u1ea5t kh\u1ea9u h\u00e0ng h\u00f3a \u0111i n\u01b0\u1edbc ngo\u00e0i<\/h2>\n\n\n\n<p>T\u1eeb ng\u00e0y 1 th\u00e1ng 7 n\u0103m 2023, th\u1ee7 t\u1ee5c khai b\u00e1o h\u1ea3i quan khi g\u1eedi h\u00e0ng \u0111i n\u01b0\u1edbc ngo\u00e0i \u0111\u00e3 c\u00f3 m\u1ed9t s\u1ed1 thay \u0111\u1ed5i theo quy \u0111\u1ecbnh m\u1edbi c\u1ee7a T\u1ed5ng c\u1ee5c H\u1ea3i quan. Theo \u0111\u00f3, ng\u01b0\u1eddi g\u1eedi h\u00e0ng c\u1ea7n chu\u1ea9n b\u1ecb th\u00eam m\u1ed9t s\u1ed1 gi\u1ea5y t\u1edd nh\u01b0 gi\u1ea5y ch\u1ee9ng nh\u1eadn xu\u1ea5t x\u1ee9 h\u00e0ng h\u00f3a, gi\u1ea5y ch\u1ee9ng nh\u1eadn ki\u1ec3m d\u1ecbch,\u2026C\u1ee5 th\u1ec3 nh\u01b0 sau:<\/p>\n\n\n\n<ul class=\"wp-block-list\">\n<li>H\u1ee3p \u0111\u1ed3ng mua b\u00e1n ho\u1eb7c xu\u1ea5t kh\u1ea9u: L\u00e0 v\u0103n b\u1ea3n th\u1ecfa thu\u1eadn gi\u1eefa nh\u00e0 xu\u1ea5t kh\u1ea9u v\u00e0 nh\u00e0 nh\u1eadp kh\u1ea9u n\u01b0\u1edbc ngo\u00e0i.<\/li>\n\n\n\n<li>T\u1edd khai h\u1ea3i quan: K\u00ea khai c\u00e1c th\u00f4ng tin v\u1ec1 h\u00e0ng h\u00f3a xu\u1ea5t kh\u1ea9u, gi\u00e1 tr\u1ecb, s\u1ed1 l\u01b0\u1ee3ng, c\u00e2n n\u1eb7ng\u2026<\/li>\n\n\n\n<li>H\u00f3a \u0111\u01a1n th\u01b0\u01a1ng m\u1ea1i: X\u00e1c nh\u1eadn gi\u00e1 tr\u1ecb giao d\u1ecbch xu\u1ea5t kh\u1ea9u c\u1ee7a l\u00f4 h\u00e0ng.<\/li>\n\n\n\n<li>V\u1eadn \u0111\u01a1n \u0111\u01b0\u1eddng bi\u1ec3n\/\u0111\u01b0\u1eddng h\u00e0ng kh\u00f4ng: Ch\u1ee9ng t\u1eeb v\u1eadn chuy\u1ec3n h\u00e0ng h\u00f3a.<\/li>\n\n\n\n<li>Gi\u1ea5y ch\u1ee9ng nh\u1eadn xu\u1ea5t x\u1ee9: X\u00e1c \u0111\u1ecbnh ngu\u1ed3n g\u1ed1c xu\u1ea5t x\u1ee9 c\u1ee7a h\u00e0ng h\u00f3a.<\/li>\n\n\n\n<li>Gi\u1ea5y ph\u00e9p xu\u1ea5t kh\u1ea9u (n\u1ebfu h\u00e0ng h\u00f3a thu\u1ed9c di\u1ec7n h\u1ea1n ch\u1ebf xu\u1ea5t kh\u1ea9u).<\/li>\n\n\n\n<li>B\u1ea3n sao c\u00e1c ch\u1ee9ng ch\u1ec9 ch\u1ea5t l\u01b0\u1ee3ng, v\u1ec7 sinh an to\u00e0n th\u1ef1c ph\u1ea9m\u2026 (n\u1ebfu c\u00f3).<\/li>\n<\/ul>\n\n\n\n<p>C\u00e1c th\u1ee7 t\u1ee5c h\u1ea3i quan c\u00f3 th\u1ec3 \u0111\u01b0\u1ee3c khai b\u00e1o online, ti\u1ebft ki\u1ec7m th\u1eddi gian v\u00e0 chi ph\u00ed cho kh\u00e1ch h\u00e0ng. Ch\u00fang t\u00f4i s\u1ebd h\u1ed7 tr\u1ee3 qu\u00fd kh\u00e1ch h\u00e0ng trong vi\u1ec7c khai b\u00e1o h\u1ea3i quan online v\u00e0 b\u1ea3o \u0111\u1ea3m qu\u00e1 tr\u00ecnh g\u1eedi h\u00e0ng \u0111\u01b0\u1ee3c ti\u1ebfn h\u00e0nh thu\u1eadn l\u1ee3i v\u00e0 \u0111\u00fang th\u1eddi gian.<\/p>","protected":false},"excerpt":{"rendered":"<p>VTP Express \u2013 \u0110\u01a1n v\u1ecb v\u1eadn chuy\u1ec3n qu\u1ed1c t\u1ebf uy t\u00edn t\u1ea1i TPHCM Nhu c\u1ea7u th\u01b0\u01a1ng m\u1ea1i qu\u1ed1c t\u1ebf t\u0103ng cao l\u00e0 nguy\u00ean nh\u00e2n d\u1eabn \u0111\u1ebfn s\u1ef1 ph\u00e1t tri\u1ec3n c\u1ee7a d\u1ecbch v\u1ee5 g\u1eedi h\u00e0ng \u0111i n\u01b0\u1edbc ngo\u00e0i. \u0110\u1ec3 \u0111\u00e1p \u1ee9ng nhu c\u1ea7u v\u1eadn chuy\u1ec3n qu\u1ed1c t\u1ebf c\u1ee7a kh\u00e1ch h\u00e0ng, VTP Express cung c\u1ea5p d\u1ecbch v\u1ee5 [&hellip;]<\/p>","protected":false},"author":1,"featured_media":245,"parent":133,"menu_order":0,"comment_status":"closed","ping_status":"closed","template":"template-parts\/service-detail.php","meta":{"_acf_changed":false,"footnotes":""},"class_list":["post-244","page","type-page","status-publish","has-post-thumbnail","hentry"],"acf":[],"_links":{"self":[{"href":"https:\/\/vtpexpress.com\/en\/wp-json\/wp\/v2\/pages\/244","targetHints":{"allow":["GET"]}}],"collection":[{"href":"https:\/\/vtpexpress.com\/en\/wp-json\/wp\/v2\/pages"}],"about":[{"href":"https:\/\/vtpexpress.com\/en\/wp-json\/wp\/v2\/types\/page"}],"author":[{"embeddable":true,"href":"https:\/\/vtpexpress.com\/en\/wp-json\/wp\/v2\/users\/1"}],"replies":[{"embeddable":true,"href":"https:\/\/vtpexpress.com\/en\/wp-json\/wp\/v2\/comments?post=244"}],"version-history":[{"count":1,"href":"https:\/\/vtpexpress.com\/en\/wp-json\/wp\/v2\/pages\/244\/revisions"}],"predecessor-version":[{"id":246,"href":"https:\/\/vtpexpress.com\/en\/wp-json\/wp\/v2\/pages\/244\/revisions\/246"}],"up":[{"embeddable":true,"href":"https:\/\/vtpexpress.com\/en\/wp-json\/wp\/v2\/pages\/133"}],"wp:featuredmedia":[{"embeddable":true,"href":"https:\/\/vtpexpress.com\/en\/wp-json\/wp\/v2\/media\/245"}],"wp:attachment":[{"href":"https:\/\/vtpexpress.com\/en\/wp-json\/wp\/v2\/media?parent=244"}],"curies":[{"name":"wp","href":"https:\/\/api.w.org\/{rel}","templated":true}]}}